{"id":1270,"date":"2016-02-11T07:09:46","date_gmt":"2016-02-11T09:09:46","guid":{"rendered":"http:\/\/www.vandenssprendimai.lt\/en\/terms-conditions\/"},"modified":"2016-05-31T11:29:05","modified_gmt":"2016-05-31T13:29:05","slug":"terms-conditions","status":"publish","type":"page","link":"https:\/\/www.vandenssprendimai.lt\/en\/terms-conditions\/","title":{"rendered":"Pirkimo taisykl\u0117s"},"content":{"rendered":"<p><b>PREKI\u0172 PIRKIMO TAISYKL\u0116S<\/b><\/p>\n<p><b>1. BENDROSIOS NUOSTATOS<\/b><\/p>\n<p>1.1. \u0160ios pirkimo ir pardavimo taisykl\u0117s (toliau \u2013 Taisykl\u0117s) nustato asmens, \u012fsigyjan\u010dio prekes <a href=\"http:\/\/www.vandenssprendimai.lt\">www.vandenssprendimai.lt<\/a>\u00a0 elektronin\u0117je parduotuv\u0117je (toliau \u2013 Pirk\u0117jas), ir UAB \u201eVandens filtravimo sistemos\u201c (toliau \u2013 Pardav\u0117jas) tarpusavio teises, pareigas ir atsakomyb\u0119, Pirk\u0117jui perkant prekes elektronin\u0117je parduotuv\u0117je. \u012esigydamas prekes elektronin\u0117je parduotuv\u0117je, Pirk\u0117jas sutinka su \u0161i\u0173 Taisykli\u0173 taikymu.<\/p>\n<p>1.2.\u00a0 Pardav\u0117jas pasilieka teis\u0119 bet kuriuo metu pakeisti, pataisyti ar papildyti Taisykles. Apie bet kokius pakeitimus, pataisymus ar papildymus prisiregistrav\u0119 Pirk\u0117jai bus informuojami prisijungimo <a href=\"http:\/\/www.aquafilter.lt\">www.vandenssprendimai.lt<\/a> puslapyje metu ir prival\u0117s i\u0161 naujo patvirtinti Taisykles. Taisykli\u0173 pakeitimas galioja tik t\u0173 u\u017esakom\u0173 preki\u0173 at\u017evilgiu, kurios buvo u\u017esakytos po Taisykli\u0173 pakeitimo.<\/p>\n<p>1.3. Pirkti m\u016bs\u0173 internetin\u0117je parduotuv\u0117je turi teis\u0119: veiksn\u016bs fiziniai asmenys; nepilname\u010diai nuo keturiolikos iki a\u0161tuoniolikos met\u0173 am\u017eiaus, tik tur\u0117dami t\u0117v\u0173 arba glob\u0117j\u0173 sutikim\u0105, i\u0161skyrus tuos atvejus, kai jie savaranki\u0161kai disponuoja savo pajamomis; juridiniai asmenys; taip pat vis\u0173 auk\u0161\u010diau i\u0161vardint\u0173 asmen\u0173 \u012fgalioti atstovai.<\/p>\n<p>1.4. Pirk\u0117jas, sutikdamas su <a href=\"http:\/\/www.vandenssprendimai.lt\">www.vandenssprendimai.lt<\/a> Taisykl\u0117mis, patvirtina, kad jis turi teis\u0119 pirkti prekes \u0161ioje internetin\u0117je parduotuv\u0117je.<b>\u00a0\u00a0\u00a0\u00a0\u00a0\u00a0\u00a0\u00a0\u00a0\u00a0\u00a0\u00a0\u00a0\u00a0\u00a0\u00a0\u00a0\u00a0\u00a0\u00a0\u00a0\u00a0\u00a0\u00a0\u00a0\u00a0\u00a0\u00a0\u00a0\u00a0\u00a0\u00a0\u00a0\u00a0\u00a0\u00a0\u00a0\u00a0\u00a0\u00a0\u00a0\u00a0\u00a0\u00a0\u00a0\u00a0\u00a0\u00a0\u00a0\u00a0\u00a0\u00a0\u00a0\u00a0\u00a0\u00a0\u00a0\u00a0\u00a0\u00a0\u00a0\u00a0<\/b><\/p>\n<p><b>2. PIRKIMO IR PARDAVIMO SUTARTIES SUDARYMO MOMENTAS<\/b><\/p>\n<p>2.1. Pirkimo ir pardavimo sutartis tarp Pirk\u0117jo ir Pardav\u0117jo laikoma sudaryta nuo tada, kai Pirk\u0117jas, elektronin\u0117je parduotuv\u0117je suformav\u0119s preki\u0173 krep\u0161el\u012f, nurod\u0119s pristatymo adres\u0105, pasirink\u0119s mok\u0117jimo b\u016bd\u0105 ir susipa\u017ein\u0119s su \u0161iomis Taisykl\u0117mis, paspaud\u017eia mygtuk\u0105 \u201eU\u017esakyti\u201c, ir galioja iki visi\u0161ko pareig\u0173 pagal \u0161i\u0105 sutart\u012f \u012fvykdymo. Tais atvejais, kai Pirk\u0117jas nepritaria visoms arba tam tikrai daliai Taisykli\u0173, jis privalo nepateikti u\u017esakymo.<\/p>\n<p>2.2. Kiekviena sutartis, sudaryta tarp Pirk\u0117jo ir Pardav\u0117jo, yra saugoma <a href=\"http:\/\/www.vandenssprendimai.lt\">www.vandenssprendimai.lt<\/a> duomen\u0173 baz\u0117je.<\/p>\n<p>&nbsp;<\/p>\n<p><b>3. PIRK\u0116JO TEIS\u0116S IR PAREIGOS<\/b><\/p>\n<p>&nbsp;<\/p>\n<p>3.1. Pirk\u0117jas turi teis\u0119 pirkti prekes elektronin\u0117je parduotuv\u0117je, vadovaudamasis \u0161iomis Taisykl\u0117mis bei Lietuvos Respublikos teis\u0117s aktais.<\/p>\n<p>3.2. Pirk\u0117jas (vartotojas) turi teis\u0119, nenurod\u0119s prie\u017easties, atsisakyti elektronin\u0117je parduotuv\u0117je sudarytos preki\u0173 pirkimo ir pardavimo sutarties su Pardav\u0117ju (i\u0161skyrus\u00a0\u0161iame skyriuje \u017eemiau nurodytas i\u0161imtis), prane\u0161damas apie tai Pardav\u0117jui ra\u0161tu (registruotu pa\u0161tu, elektroniniu pa\u0161tu, nurodant pageidaujam\u0105 gr\u0105\u017einti prek\u0119 ir jos u\u017esakymo numer\u012f) arba paskambin\u0119 telefonu +37067835777\u00a0 ne v\u0117liau kaip per 14 (keturiolika) dien\u0173 nuo daikto pristatymo dienos, i\u0161skyrus atvejus, kai pirkimo &#8211; pardavimo sutarties negalima atsisakyti pagal Lietuvos Respublikos \u012fstatymus ar teis\u0117s aktus, \u012fskaitant bet neapsiribojant \u016akio ministro 2001 m. rugpj\u016b\u010dio 17 d. \u012fsakymu Nr. 258 patvirtintomis \u201eDaikt\u0173 pardavimo ir paslaug\u0173 teikimo, kai sutartys sudaromos naudojant ry\u0161io priemones, taisykl\u0117mis\u201c\u00a0tik tuo atveju, jeigu prek\u0117 nebuvo sugadinta arba i\u0161 esm\u0117s nepasikeit\u0117 jos i\u0161vaizda, taip pat ji nebuvo naudojama. Atsisak\u0119s pirkimo &#8211; pardavimo sutarties, Pirk\u0117jas privalo savaranki\u0161kai pristatyti gr\u0105\u017einamas prekes Pardav\u0117jui ne ilgiau kaip per\u00a014 (keturiolika) dien\u0173 nuo sutarties sudarymo dienos.<\/p>\n<p>3.3. Pirk\u0117jas privalo sumok\u0117ti preki\u0173 ir j\u0173 pristatymo kain\u0105, taip pat kitus mok\u0117jimus (jei tokie nurodyti sudarant sutart\u012f) ir priimti u\u017esakytas prekes. U\u017e prekes Pirk\u0117jas sumoka naudodamasis savo banku internete, \u012f kur\u012f pateikiama nuoroda elektronin\u0117je parduotuv\u0117je (tuo atveju, jei Pardav\u0117jas su Pirk\u0117jo banku turi sudar\u0119s atitinkam\u0105 sutart\u012f), arba atlikdamas mok\u0117jim\u0105 i\u0161 bet kurio kito banko \u012f Pardav\u0117jo s\u0105skait\u0105, nurodyt\u0105 \u201e<a href=\"https:\/\/www.vandenssprendimai.lt\/en\/contacts\/\">Kontaktuose<\/a>\u201c.<\/p>\n<p>3.4. Jei pasikei\u010dia Pirk\u0117jo registracijos formoje pateikti duomenys, Pirk\u0117jas privalo nedelsdamas juos atnaujinti.<\/p>\n<p>3.5. Pirk\u0117jas privalo patvirtinti mok\u0117jimo pavedim\u0105 Pirk\u0117jo banke internete, \u012f kur\u012f pateikiama nuoroda elektronin\u0117je parduotuv\u0117je (tuo atveju, jei Pardav\u0117jas su Pirk\u0117jo banku turi sudar\u0119s atitinkam\u0105 sutart\u012f), arba atlikti mok\u0117jim\u0105 i\u0161 bet kurio kito banko bei atskiru elektroniniu lai\u0161ku atsi\u0173sti Pardav\u0117jui prane\u0161im\u0105 apie mok\u0117jimo atlikim\u0105 ne v\u0117liau kaip per 24 valandas nuo mygtuko \u201eU\u017esakyti\u201d paspaudimo. Per \u0161\u012f termin\u0105 mok\u0117jimo pavedimo nepatvirtinus arba atskiru elektroniniu lai\u0161ku neatsiuntus Pardav\u0117jui prane\u0161imo apie mok\u0117jimo atlikim\u0105, Pardav\u0117jas turi teis\u0119 laikyti, kad Pirk\u0117jas atsisak\u0117 pirkimo ir pardavimo sutarties. Pirk\u0117jo pasirinktos prek\u0117s rezervuojamos bei Pardav\u0117jas imasi vykdyti pirkimo ir pardavimo sutart\u012f tik tada, kai Pardav\u0117jas gauna prane\u0161im\u0105 i\u0161 Pirk\u0117jo banko ar Pirk\u0117jo apie atlikt\u0105 mok\u0117jim\u0105 u\u017e pasirinktas prekes.<\/p>\n<p>3.6. Pirk\u0117jas privalo laikytis kit\u0173 Taisykl\u0117se bei Lietuvos Respublikos teis\u0117s aktuose nustatyt\u0173 reikalavim\u0173.<\/p>\n<p><b>\u00a0\u00a0\u00a0\u00a0\u00a0\u00a0\u00a0\u00a0\u00a0\u00a0\u00a0\u00a0 \u00a0\u00a0\u00a0\u00a0\u00a0\u00a0\u00a0\u00a0\u00a0\u00a0\u00a0\u00a0\u00a0\u00a0\u00a0\u00a0\u00a0\u00a0\u00a0\u00a0\u00a0\u00a0\u00a0\u00a0\u00a0\u00a0\u00a0\u00a0\u00a0\u00a0\u00a0\u00a0\u00a0\u00a0\u00a0\u00a0\u00a0\u00a0<\/b><\/p>\n<p><b>4.<\/b> <b>PARDAV\u0116JO TEIS\u0116S, PAREIGOS IR GARANTIJOS<\/b><\/p>\n<p>4.1. Jei Pirk\u0117jas bando pakenkti elektronin\u0117s parduotuv\u0117s darbui ar stabiliam veikimui, Pardav\u0117jas gali be i\u0161ankstinio persp\u0117jimo apriboti, sustabdyti (nutraukti) jam galimyb\u0119 naudotis elektronine parduotuve ir neatsako u\u017e jokius su tuo susijusius Pirk\u0117jo nuostolius.<\/p>\n<p>4.2. Pardav\u0117jas turi teis\u0119 viena\u0161ali\u0161kai pakeisti \u0161ias Taisykles, jas paskelbdamas elektronin\u0117s parduotuv\u0117s tinklalapyje. Pakeitimai \u012fsigalioja nuo paskelbimo momento visiems po paskelbimo sudaromiems sandoriams.<\/p>\n<p>4.3. Pardav\u0117jas turi kitas Taisykl\u0117se ir Lietuvos Respublikos teis\u0117s aktuose numatytas teises.<b>\u00a0\u00a0\u00a0\u00a0\u00a0\u00a0\u00a0\u00a0\u00a0\u00a0\u00a0\u00a0\u00a0\u00a0\u00a0\u00a0\u00a0\u00a0\u00a0\u00a0\u00a0\u00a0\u00a0\u00a0\u00a0\u00a0\u00a0\u00a0\u00a0\u00a0\u00a0\u00a0\u00a0\u00a0\u00a0\u00a0\u00a0\u00a0\u00a0\u00a0\u00a0\u00a0<\/b><\/p>\n<p>4.4. Pardav\u0117jas \u012fsipareigoja d\u0117ti pastangas sudarant s\u0105lygas Pirk\u0117jui tinkamai naudotis elektronin\u0117s parduotuv\u0117s teikiamomis paslaugomis.<\/p>\n<p>4.5. Pardav\u0117jas \u012fsipareigoja laikytis kit\u0173 \u0161iose Taisykl\u0117se nustatyt\u0173 reikalavim\u0173.<\/p>\n<p>4.6. Susidarius svarbioms aplinkyb\u0117ms, Pardav\u0117jas gali laikinai arba i\u0161 viso nutraukti internetinio prekybos centro veikl\u0105, apie tai i\u0161 anksto neprane\u0161\u0119s Pirk\u0117jui.<\/p>\n<p>4.7. Pardav\u0117jas turi teis\u0119 savo nuo\u017ei\u016bra nustatyti minimal\u0173 preki\u0173 krep\u0161elio dyd\u012f, t.y. minimali\u0105 sum\u0105, kuri\u0105 pasiekus bus vykdomas Pirk\u0117jo u\u017esakymas.<\/p>\n<p>4.8. Pardav\u0117jas turi teis\u0119 i\u0161 anksto neprane\u0161\u0119s Pirk\u0117jui anuliuoti jo u\u017esakym\u0105, jeigu Pirk\u0117jas, pasirink\u0119s apmok\u0117jimo b\u016bd\u0105 \u2013 banko pavedimu\/elektronin\u0117s bankininkyst\u0117s sistema, nesumoka u\u017e prekes per 24 (dvide\u0161imt keturias) valandas nuo u\u017esakymo pateikimo.<\/p>\n<p>4.9. Kai Pirk\u0117jas pasirenka apmok\u0117jim\u0105 &#8220;Grynaisiais pinigais preki\u0173 pristatymo metu&#8221;, Pardav\u0117jas, i\u0161kilus neai\u0161kumams d\u0117l u\u017esakyme pateiktos informacijos, susisiekia su Pirk\u0117ju u\u017esakyme nurodytu telefonu. Preki\u0173 pristatymo terminas tokiu atveju pradedamas skai\u010diuoti nuo susisiekimo su Pirk\u0117ju dienos. Pardav\u0117jas turi teis\u0119 i\u0161 anksto neprane\u0161\u0119s Pirk\u0117jui anuliuoti jo u\u017esakym\u0105, jei Pardav\u0117jui nepavyksta susisiekti su Pirk\u0117ju per 3 (tris) darbo dienas.<\/p>\n<p><b>5.<\/b> <b>PREKI\u0172 PRISTATYMAS<\/b><\/p>\n<p>5.1. Pirk\u0117jas, u\u017esakydamas prekes, gali pasirinkti preki\u0173 pateikimo b\u016bd\u0105, t.y. pasinaudoti Pardav\u0117jo teikiama preki\u0173 pristatymo paslauga arba atsiimti prekes viename i\u0161 Lietuvos pa\u0161to skyri\u0173 ar Pardav\u0117jo\u00a0 preki\u0173 atsi\u0117mimo punkte.<\/p>\n<p>5.2. Pirk\u0117j\u0173 patogumui, siekiant taupyti brang\u0173 laik\u0105, Pardav\u0117jas teikia paslaug\u0105 &#8220;Kurjeris&#8221;:<\/p>\n<p>5.2.1. Pirk\u0117jas, u\u017esakymo metu pasirink\u0119s preki\u0173 pristatymo paslaug\u0105, \u012fsipareigoja nurodyti tiksli\u0105 preki\u0173 pristatymo viet\u0105.<\/p>\n<ol>\n<li>Pirk\u0117jas \u012fsipareigoja prekes priimti pats. Tuo atveju, kai jis preki\u0173 pats priimti negali, o prek\u0117s pristatytos nurodytu adresu ir remiantis kitais Pirk\u0117jo pateiktais duomenimis, Pirk\u0117jas neturi teis\u0117s reik\u0161ti Pardav\u0117jui pretenzij\u0173 d\u0117l preki\u0173 pristatymo netinkamam subjektui.<\/li>\n<\/ol>\n<p>5.2.3. Prekes pristato Pardav\u0117jas arba jo \u012fgaliotas atstovas.<\/p>\n<p>5.2.4.\u00a0 Preki\u0173 pristatymo mokestis (kai siuntos svoris nevir\u0161ija 5kg, o t\u016bris 0.0373625 m\u00b3) &#8211; 4,96\u00a0EUR. Pristatymo mokestis gali keistis, atsi\u017evelgiant \u012f siuntos\/preki\u0173 svor\u012f bei \u012f tai, ar Pirk\u0117jas pageidauja pasinaudoti preki\u0173 u\u017ene\u0161imo paslauga.<\/p>\n<ol>\n<li>Preki\u0173 atsi\u0117mimas viename i\u0161 Lietuvos pa\u0161to skyri\u0173\/siunt\u0173 terminal\u0173:\n<ol>\n<li>Pirk\u0117jas gali atsiimti prekes viename i\u0161 LP EXPRESS 24\u00a0siunt\u0173 terminal\u0173\/pa\u0161to skyri\u0173, sumok\u0117damas 4,11\u00a0EUR mokest\u012f.<\/li>\n<li>U\u017esakytas prekes b\u016btina atsiimti ne v\u0117liau kaip per 3 (tris) darbo dienas, skai\u010diuojamas nuo Pardav\u0117jo patvirtinimo, kad u\u017esakymas jau yra Lietuvos pa\u0161to skyriuje ir j\u012f galima atsiimti.<\/li>\n<li>Prekes gali atsiimti tik u\u017esakyme nurodytas gav\u0117jas. Atsiimant prekes, b\u016btina su savimi tur\u0117ti ir Lietuvos pa\u0161to darbuotojui pateikti galiojant\u012f asmens tapatyb\u0119 patvirtinant\u012f dokument\u0105 (asmens tapatyb\u0117s kortel\u0119, pas\u0105 ar naujo pavyzd\u017eio vairuotojo pa\u017eym\u0117jim\u0105).<\/li>\n<li>Tuo atveju, kai u\u017esakomos(-\u0173) prek\u0117s(-i\u0173) svoris vir\u0161ija daugiau negu 20 kg, preki\u0173 atsi\u0117mimo i\u0161 Lietuvos pa\u0161to skyri\u0173 paslauga neteikiama.<\/li>\n<\/ol>\n<\/li>\n<\/ol>\n<ol>\n<li>Preki\u0173 atsi\u0117mimas Pardav\u0117jo preki\u0173 atsi\u0117mimo punktuose:\n<ol>\n<li>Pirk\u0117jas gali atsiimti prekes nemokamai Pardav\u0117jo preki\u0173 atsi\u0117mimo punktuose, esan\u010diuose:<\/li>\n<\/ol>\n<\/li>\n<\/ol>\n<ul>\n<li>Z. Sierakausko g. 15A \u2013 23, Vilnius;<\/li>\n<li>\u0160ilut\u0117s pl. 4, Klaip\u0117da;<\/li>\n<li>Til\u017e\u0117s g. 26, \u0160iauliai;<\/li>\n<li>Auk\u0161tai\u010di\u0173 g. 2 \u2013 107, Panev\u0117\u017eys.<\/li>\n<\/ul>\n<ol>\n<li>U\u017esakytas prekes b\u016btina atsiimti ne v\u0117liau kaip per 3 (tris) darbo dienas, skai\u010diuojamas nuo Pardav\u0117jo patvirtinimo, kad u\u017esakymas jau paruo\u0161tas, gavimo momento.<\/li>\n<li>Prekes gali atsiimti tik u\u017esakym\u0105 pateik\u0119s asmuo arba asmuo, nurodytas u\u017esakymo pateikimo metu. Atsiimant prekes, b\u016btina su savimi tur\u0117ti ir Pardav\u0117jo darbuotojui pateikti galiojant\u012f asmens tapatyb\u0119 patvirtinant\u012f dokument\u0105 (asmens tapatyb\u0117s kortel\u0119, pas\u0105 ar naujo pavyzd\u017eio vairuotojo pa\u017eym\u0117jim\u0105).<\/li>\n<\/ol>\n<ol>\n<li>Pardav\u0117jas atleid\u017eiamas nuo atsakomyb\u0117s u\u017e preki\u0173 pateikimo termin\u0173 pa\u017eeidim\u0105, jeigu prek\u0117s Pirk\u0117jui n\u0117ra pateikiamos arba pateikiamos ne laiku d\u0117l Pirk\u0117jo kalt\u0117s arba d\u0117l nuo Pirk\u0117jo priklausan\u010di\u0173 aplinkybi\u0173.<\/li>\n<li>Pardav\u0117jas pateikia prekes Pirk\u0117jui vadovaudamasis preki\u0173 apra\u0161ymuose nurodytais terminais. \u0160ie terminai yra preliminar\u016bs, ta\u010diau nurodyti terminai netaikomi tais atvejais, kai Pardav\u0117jo sand\u0117lyje n\u0117ra reikiam\u0173 preki\u0173, o Pirk\u0117jas informuojamas apie jo u\u017esakyt\u0173 preki\u0173 tr\u016bkum\u0105.<\/li>\n<li>Pirk\u0117jas sutinka, jog i\u0161imtiniais atvejais preki\u0173 pateikimas gali v\u0117luoti d\u0117l nenumatyt\u0173, nuo Pardav\u0117jo nepriklausan\u010di\u0173 aplinkybi\u0173. Tokiu atveju Pardav\u0117jas \u012fsipareigoja nedelsiant susisiekti su Pirk\u0117ju ir suderinti preki\u0173 pateikimo s\u0105lygas.<\/li>\n<li>Preki\u0173 pateikimo Pirk\u0117jui metu Pirk\u0117jas privalo kartu su Pardav\u0117ju arba jo \u012fgaliotu atstovu patikrinti siuntos ir prek\u0117s(-i\u0173) b\u016bkl\u0119 bei pasira\u0161yti siuntos perdavimo \u2013 pri\u0117mimo dokument\u0105. Pirk\u0117jui pasira\u0161ius siuntos perdavimo \u2013 pri\u0117mimo dokumente, laikoma, kad siunta yra perduota tinkamos b\u016bkl\u0117s, preki\u0173 pa\u017eeidim\u0173, kuri\u0173 atsiradimo pagrindas priskirtinas ne gamykliniam brokui, bei prek\u0117s komplektacijos neatitikim\u0173 (toki\u0173, kuriuos galima nustatyti i\u0161orin\u0117s preki\u0173 ap\u017ei\u016bros metu) n\u0117ra.<\/li>\n<li>Pirk\u0117jas pasteb\u0117j\u0119s, kad pateiktos siuntos pakuot\u0117 pa\u017eeista privalo tai pa\u017eym\u0117ti siuntos perdavimo \u2013 pri\u0117mimo dokumente bei, dalyvaujant Pardav\u0117jui ar jo atstovui, sura\u0161yti laisvos formos siuntos pa\u017eeidimo akt\u0105. Pirk\u0117jui neatlikus \u0161i\u0173 veiksm\u0173, Pardav\u0117jas yra atleid\u017eiamas nuo atsakomyb\u0117s prie\u0161 Pirk\u0117j\u0105 d\u0117l preki\u0173 pa\u017eeidim\u0173, jeigu \u0161iuos neatitikimus galima nustatyti i\u0161orin\u0117s preki\u0173 ap\u017ei\u016bros metu.<\/li>\n<\/ol>\n<p><b>6.<\/b> <b>ATSAKOMYB\u0116<\/b><\/p>\n<p>6.1. U\u017e pirkimo ir pardavimo sutarties, sudarytos naudojantis elektronine parduotuve, pa\u017eeidim\u0105 \u0161alys atsako Lietuvos Respublikos teis\u0117s akt\u0173 nustatyta tvarka.<\/p>\n<p>6.2. Pirk\u0117jas atsako u\u017e registracijos formoje pateikt\u0173 duomen\u0173 teisingum\u0105. Pirk\u0117jas prisiima atsakomyb\u0119 u\u017e padarinius, kilusius d\u0117l registracijos formoje pateikt\u0173 duomen\u0173 klaidingumo ar netikslumo.<\/p>\n<p>6.3. Atsi\u017evelgdami \u012f Lietuvos Respublikos elektroninio para\u0161o \u012fstatymo 8 str. 3 d. nuostatas, Pirk\u0117jas ir Pardav\u0117jas susitaria, kad Pirk\u0117jo veiksm\u0173 elektronin\u0117je parduotuv\u0117je patvirtinimas prisijungimo prie elektronin\u0117s parduotuv\u0117s duomenimis (atpa\u017einimo kodu) turi Elektroninio para\u0161o \u012fstatymo 8 str. 1 d. \u012ftvirtint\u0105 elektroninio para\u0161o teisin\u0119 gali\u0105 (t. y. turi toki\u0105 pa\u010di\u0105 teisin\u0119 gali\u0105, kaip ir para\u0161as ra\u0161ytiniuose dokumentuose ir yra leistinas kaip \u012frodymo priemon\u0117 teisme). Pirk\u0117jas privalo saugoti savo prisijungimo prie elektronin\u0117s parduotuv\u0117s duomenis ir j\u0173 neatskleisti, u\u017etikrinti, kad duomenys b\u016bt\u0173 \u017einomi tik jam pa\u010diam ir duomenimis naudot\u0173si tik jis pats, neperduoti ir kitais b\u016bdais nesudaryti galimyb\u0117s kitiems asmenims su tais duomenimis susipa\u017einti ar jais pasinaudoti. Kilus \u012ftarimui, kad prisijungimo duomenys gal\u0117jo b\u016bti su\u017einoti kito asmens, nedelsiant apie tai prane\u0161ti Pardav\u0117jui, taip pat nedelsiant informuoti Pardav\u0117j\u0105 apie prisijungimo prie elektronin\u0117s parduotuv\u0117s duomen\u0173 pa\u017eeidim\u0105 ar pavie\u0161inim\u0105. Visi veiksmai, atlikti naudojantis Pirk\u0117jo atpa\u017einimo kodu, laikomi atliktais Pirk\u0117jo, ir Pirk\u0117jas prisiima vis\u0105 atsakomyb\u0119 u\u017e toki\u0173 veiksm\u0173 pasekmes.<\/p>\n<p>6.4. Pardav\u0117jas neatsako u\u017e tai, kad elektronin\u0117je parduotuv\u0117je pateiktos prek\u0117s savo spalva, forma ar kitais parametrais neatitinka realaus preki\u0173 dyd\u017eio, form\u0173 ir spalvos d\u0117l Pirk\u0117jo naudojamo vaizduoklio ypatum\u0173.<\/p>\n<p>6.5. Pardav\u0117jas neatsako u\u017e kit\u0173 \u012fmoni\u0173 tinklalapiuose pateikt\u0105 informacij\u0105, net jei Pirk\u0117jas patenka \u012f \u0161iuos tinklalapius per Pardav\u0117jo elektronin\u0117je parduotuv\u0117je esan\u010dias nuorodas.<\/p>\n<p><b>7.<\/b> <b>ASMENS DUOMEN\u0172 TVARKYMAS<\/b><\/p>\n<p>7.1. Paspausdamas mygtuk\u0105 \u201eU\u017esakyti\u201c, Pirk\u0117jas patvirtina, kad jis ir jo atstovai (Pirk\u0117jas turi savo atstov\u0173 sutikimus) sutinka pateikti Pardav\u0117jui \u0161iose Taisykl\u0117se ir registracijos formoje nurodytus savo asmens duomenis bei neprie\u0161tarauja, kad Pirk\u0117jo ir (ar) jo atstov\u0173 pateiktus asmens duomenis Pardav\u0117jas tvarkyt\u0173 internetin\u0117s prekybos tikslu.<\/p>\n<p>7.2. Paspausdamas mygtuk\u0105 \u201eU\u017esakyti\u201c, Pirk\u0117jas patvirtina, kad jis ir jo atstovai (Pirk\u0117jas turi savo atstov\u0173 sutikimus) sutinka, kad Pirk\u0117jo ir (ar) jo atstov\u0173 pateikti Pirk\u0117jo ir (ar) jo atstov\u0173 asmens duomenys b\u016bt\u0173 teikiami Pardav\u0117jo pasirinktiems tretiesiems asmenims, kad \u0161ie juos tvarkyt\u0173 internetin\u0117s prekybos tikslu, kaip aptarta kitame punkte.<\/p>\n<p>7.3. Paspausdamas mygtuk\u0105 \u201eU\u017esakyti\u201c, Pirk\u0117jas patvirtina, kad jis ir jo atstovai (Pirk\u0117jas turi savo atstov\u0173 sutikimus) sutinka atsiimdamas prekes preki\u0173 atsi\u0117mimo vietoje pateikti Pardav\u0117jui ir (ar) tre\u010diajam asmeniui, Pardav\u0117jo nurodymu prista\u010diusiam prekes, vien\u0105 i\u0161 asmen\u012f identifikuojan\u010di\u0173 dokument\u0173: pas\u0105, asmens tapatyb\u0117s kortel\u0119, naujo pavyzd\u017eio vairuotojo pa\u017eym\u0117jim\u0105, siekiant tinkamai identifikuoti Pirk\u0117j\u0105 ir (ar) jo atstovus internetin\u0117s prekybos tikslu. Pirk\u0117jas taip pat patvirtina, kad jis ir jo atstovai (Pirk\u0117jas turi savo atstov\u0173 sutikimus) sutinka, kad preki\u0173 atsi\u0117mimo metu preki\u0173 atsi\u0117mimo vietoje Pardav\u0117jas ir (ar) tre\u010diasis \u00a0asmuo, Pardav\u0117jo nurodymu pristat\u0119s prekes, nusira\u0161yt\u0173 Pirk\u0117jo ir (ar) jo atstovo pateikto asmen\u012f identifikuojan\u010dio dokumento duomenis ir \u0161iuos duomenis tvarkyt\u0173 (\u012fskaitant, bet neapsiribojant duomen\u0173 perdavim\u0105 Pardav\u0117jui) internetin\u0117s prekybos tikslu.<\/p>\n<p>7.4. Pa\u017eym\u0117damas varnele punkt\u0105 \u201eNaujien\u0173 prenumerata\u201c, Pirk\u0117jas patvirtina, kad jis ir jo atstovai sutinka, kad Pardav\u0117jui pateiktus Pirk\u0117jo ir (ar) jo atstov\u0173 asmens duomenis Pardav\u0117jas tvarkyt\u0173 tiesiogin\u0117s rinkodaros tikslu. Pardav\u0117jas nurodo, kad Pirk\u0117jo (jei \u0161is yra fizinis asmuo) ir jo atstov\u0173 asmens kod\u0173 tiesiogin\u0117s rinkodaros tikslu Pardav\u0117jas netvarkys.<\/p>\n<p>7.5. Pa\u017eym\u0117damas varnele punkt\u0105 \u201eNaujien\u0173 prenumerata\u201c, Pirk\u0117jas nurodo, kad jis ir (ar) jo \u00a0atstovai (Pirk\u0117jas turi savo atstov\u0173 sutikimus) sutinka, kad Pardav\u0117jui pateikti j\u0173 asmens duomenys b\u016bt\u0173 teikiami Pardav\u0117jo pasirinktiems tretiesiems asmenims, kad \u0161ie juos tvarkyt\u0173 tiesiogin\u0117s rinkodaros tikslu, kaip aptarta kitame sakinyje. Pa\u017eym\u0117damas varnele punkt\u0105 \u201eNaujien\u0173 prenumerata\u201c, Pirk\u0117jas nurodo, kad jis ir (ar) jo atstovai (Pirk\u0117jas turi savo atstov\u0173 sutikimus) sutinka gauti informacin\u0119 ir reklamin\u0119 med\u017eiag\u0105 apie paslaugas, prekes i\u0161 Pardav\u0117jo bei (ar) jo pasirinkt\u0173 tre\u010di\u0173j\u0173 asmen\u0173 registracijos formoje nurodytu ir (arba) kitu Pirk\u0117jo, jo atstov\u0173 pateiktu adresu, SMS \u017einute, skambu\u010diu \u012f nurodyt\u0105 mobiliojo telefono numer\u012f, elektroniniu pa\u0161tu.<\/p>\n<p>7.6. Paspausdamas mygtuk\u0105 \u201eU\u017esakyti\u201c, Pirk\u0117jas patvirtina, kad jis (jei Pirk\u0117jas yra fizinis asmuo) ir jo atstovai yra informuoti apie savo teis\u0119 susipa\u017einti su Pardav\u0117jo tvarkomais savo asmens duomenimis ir kaip jie yra tvarkomi, reikalauti i\u0161taisyti, sunaikinti savo asmens duomenis arba sustabdyti savo asmens duomen\u0173 tvarkymo veiksmus, kai duomenys tvarkomi nesilaikant \u012fstatym\u0173 nuostat\u0173, nesutikti, kad b\u016bt\u0173 tvarkomi j\u0173 asmens duomenys bet kuriuo i\u0161 tiksl\u0173.<\/p>\n<p>7.7. Paspausdamas mygtuk\u0105 \u201eU\u017esakyti\u201c, Pirk\u0117jas patvirtina, kad jis ir jo atstovai \u017eino turintys teis\u0119 atsisakyti pateikti savo asmens duomenis, ta\u010diau supranta, kad asmens duomenys yra reikalingi ir b\u016btini siekiant vienareik\u0161mi\u0161kai identifikuoti Pirk\u0117j\u0105 ir (ar) jo atstovus internetin\u0117s prekybos tikslais, ir nepateikus asmens duomen\u0173 bei (ar) nesutikus, kad jie b\u016bt\u0173 tvarkomi internetin\u0117s prekybos tikslu, negal\u0117s sudaryti ir (ar) vykdyti sutarties.<\/p>\n<p>7.8. Pardav\u0117jas visus prane\u0161imus siun\u010dia Pirk\u0117jo registracijos formoje pateiktu elektroninio pa\u0161to adresu.<\/p>\n<p>7.9. Pirk\u0117jas visus prane\u0161imus ir klausimus siun\u010dia Pardav\u0117jo elektronin\u0117s parduotuv\u0117s skyriuje \u201e<a href=\"https:\/\/www.vandenssprendimai.lt\/en\/contacts\/\">Kontaktai<\/a>\u201c nurodytu adresu.<\/p>\n<p><b>\u00a0\u00a0\u00a0\u00a0\u00a0\u00a0\u00a0\u00a0\u00a0\u00a0\u00a0 \u00a0\u00a0\u00a0\u00a0\u00a0\u00a0\u00a0\u00a0\u00a0\u00a0\u00a0\u00a0\u00a0\u00a0\u00a0\u00a0\u00a0\u00a0\u00a0\u00a0\u00a0\u00a0\u00a0\u00a0\u00a0\u00a0\u00a0\u00a0\u00a0\u00a0\u00a0\u00a0\u00a0\u00a0\u00a0\u00a0\u00a0\u00a0\u00a0 8.<\/b> <b>BAIGIAMOSIOS NUOSTATOS\u00a0<\/b><\/p>\n<p>&nbsp;<\/p>\n<ol>\n<li>\u0160ios taisykl\u0117s sudarytos vadovaujantis Lietuvos Respublikos teis\u0117s aktais.<\/li>\n<li>\u0160i\u0173 taisykli\u0173 pagrindu kylantiems santykiams taikoma Lietuvos Respublikos teis\u0117.<\/li>\n<li>Visi nesutarimai, kil\u0119 d\u0117l \u0161i\u0173 taisykli\u0173 vykdymo, sprend\u017eiami deryb\u0173 b\u016bdu. Nepavykus susitarti, gin\u010dai sprend\u017eiami Lietuvos Respublikos \u012fstatym\u0173 nustatyta tvarka.<\/li>\n<li>\u0160i Sutartis \u012fsigalioja nuo jos pasira\u0161ymo momento ir galioja iki \u0160alys \u012fvykdys visus su ja susijusius \u012fsipareigojimus.<\/li>\n<li>\u00a0 Visi \u0161ios Sutarties s\u0105lyg\u0173 pakeitimai ir papildymai galioja tik tuo atveju, jei jie yra \u012fforminami ra\u0161tu ir pasira\u0161yti abiej\u0173 \u0160ali\u0173. Sutarties priedai \u012fsigalioja nuo j\u0173 pasira\u0161ymo, jei pa\u010diuose susitarimuose nenurodyta v\u0117lesn\u0117 \u012fsigaliojimo data.<\/li>\n<\/ol>\n","protected":false},"excerpt":{"rendered":"<p>PREKI\u0172 PIRKIMO TAISYKL\u0116S 1. BENDROSIOS NUOSTATOS 1.1. \u0160ios pirkimo ir pardavimo taisykl\u0117s (toliau \u2013 Taisykl\u0117s) nustato asmens, \u012fsigyjan\u010dio prekes www.vandenssprendimai.lt\u00a0 elektronin\u0117je parduotuv\u0117je (toliau \u2013 Pirk\u0117jas), ir UAB \u201eVandens filtravimo sistemos\u201c (toliau \u2013 Pardav\u0117jas) tarpusavio teises, pareigas ir atsakomyb\u0119, Pirk\u0117jui perkant prekes elektronin\u0117je parduotuv\u0117je. \u012esigydamas prekes elektronin\u0117je parduotuv\u0117je, Pirk\u0117jas sutinka su \u0161i\u0173 Taisykli\u0173 taikymu. 1.2.\u00a0 Pardav\u0117jas &hellip;<\/p>\n","protected":false},"author":1,"featured_media":0,"parent":0,"menu_order":0,"comment_status":"closed","ping_status":"closed","template":"","meta":[],"aioseo_notices":[],"_links":{"self":[{"href":"https:\/\/www.vandenssprendimai.lt\/en\/wp-json\/wp\/v2\/pages\/1270"}],"collection":[{"href":"https:\/\/www.vandenssprendimai.lt\/en\/wp-json\/wp\/v2\/pages"}],"about":[{"href":"https:\/\/www.vandenssprendimai.lt\/en\/wp-json\/wp\/v2\/types\/page"}],"author":[{"embeddable":true,"href":"https:\/\/www.vandenssprendimai.lt\/en\/wp-json\/wp\/v2\/users\/1"}],"replies":[{"embeddable":true,"href":"https:\/\/www.vandenssprendimai.lt\/en\/wp-json\/wp\/v2\/comments?post=1270"}],"version-history":[{"count":3,"href":"https:\/\/www.vandenssprendimai.lt\/en\/wp-json\/wp\/v2\/pages\/1270\/revisions"}],"predecessor-version":[{"id":2057,"href":"https:\/\/www.vandenssprendimai.lt\/en\/wp-json\/wp\/v2\/pages\/1270\/revisions\/2057"}],"wp:attachment":[{"href":"https:\/\/www.vandenssprendimai.lt\/en\/wp-json\/wp\/v2\/media?parent=1270"}],"curies":[{"name":"wp","href":"https:\/\/api.w.org\/{rel}","templated":true}]}}