{"id":1275,"date":"2016-02-11T10:51:43","date_gmt":"2016-02-11T12:51:43","guid":{"rendered":"http:\/\/www.vandenssprendimai.lt\/en\/?page_id=1275"},"modified":"2016-02-11T10:51:43","modified_gmt":"2016-02-11T12:51:43","slug":"services","status":"publish","type":"page","link":"https:\/\/www.vandenssprendimai.lt\/en\/services\/","title":{"rendered":"Services"},"content":{"rendered":"<p><strong>Serviso paslauga<\/strong><br \/>\nLietuvoje yra 4 servisinio aptarnavimo padaliniai Klaip\u0117doje, Vilniuje, Panev\u0117\u017eyje ir \u0160iauliuose,\u00a0 kurie dirba 24 val. per par\u0105, 7 dienas per savait\u0119. Serviso darbuotojai yra savo srities specialistai, nuolatos tobulinantys savo profesinius \u012fg\u016bd\u017eius, pastoviai yra keliama j\u0173 kvalifikacija. Specialistai savo darb\u0105 atlieka nuo vandens m\u0117gini\u0173 pa\u0117mimo iki vandens valymo sistemos paleidimo ir tolimesn\u0117s prie\u017ei\u016bros pagal poreik\u012f.Serviso padaliniai atlieka \u0161ias paslaugas:<\/p>\n<ul>\n<li>Vandens m\u0117gini\u0173 pa\u0117mimas ir objekto pirmin\u0117 ap\u017ei\u016bra<\/li>\n<li>Vandens valymo technologijos parinkimas<\/li>\n<li>Komercinio pasi\u016blymo pateikimas<\/li>\n<li>Vandens valymo sistem\u0173 montavimas<\/li>\n<li>Vandens valymo sistem\u0173 programavimas<\/li>\n<li>Remonto darbai<\/li>\n<li>Garantin\u0117 prie\u017ei\u016bra<\/li>\n<li>Filtr\u0173 keitimas<\/li>\n<\/ul>\n<p><strong>Vandens kokyb\u0117s nustatymo paslauga<\/strong><br \/>\nJums patogiu laiku atvykstame \u012f objekt\u0105. Vietoje galime nustatyti vandens kietum\u0105, gele\u017eingum\u0105, bendr\u0105 mineralizacij\u0105. \u012evertiname ar reikalingi tolimesni tyrimai iresant b\u016btinybei vandens m\u0117gin\u012f pristatome \u012f laboratorij\u0105.<\/p>\n<p><strong>Konsultacija vandens kokyb\u0117s ir valymo klausimais<\/strong><br \/>\n\u0160i\u0105 paslaug\u0105 teikiame telefonu, m\u016bs\u0173 atstovyb\u0117se ar i\u0161sikvietus specialist\u0105 J\u016bs\u0173 namuose. Galb\u016bt j\u016bs nesate tikri ar Jums reikia valyti vanden\u012f arba ne\u017einote kaip? Susisiekite su mumis ir mes Jums suteiksime reikaling\u0105 informacij\u0105.<\/p>\n","protected":false},"excerpt":{"rendered":"<p>Serviso paslauga Lietuvoje yra 4 servisinio aptarnavimo padaliniai Klaip\u0117doje, Vilniuje, Panev\u0117\u017eyje ir \u0160iauliuose,\u00a0 kurie dirba 24 val. per par\u0105, 7 dienas per savait\u0119. Serviso darbuotojai yra savo srities specialistai, nuolatos tobulinantys savo profesinius \u012fg\u016bd\u017eius, pastoviai yra keliama j\u0173 kvalifikacija. Specialistai savo darb\u0105 atlieka nuo vandens m\u0117gini\u0173 pa\u0117mimo iki vandens valymo sistemos paleidimo ir tolimesn\u0117s prie\u017ei\u016bros &hellip;<\/p>\n","protected":false},"author":1,"featured_media":0,"parent":0,"menu_order":0,"comment_status":"closed","ping_status":"closed","template":"","meta":[],"aioseo_notices":[],"_links":{"self":[{"href":"https:\/\/www.vandenssprendimai.lt\/en\/wp-json\/wp\/v2\/pages\/1275"}],"collection":[{"href":"https:\/\/www.vandenssprendimai.lt\/en\/wp-json\/wp\/v2\/pages"}],"about":[{"href":"https:\/\/www.vandenssprendimai.lt\/en\/wp-json\/wp\/v2\/types\/page"}],"author":[{"embeddable":true,"href":"https:\/\/www.vandenssprendimai.lt\/en\/wp-json\/wp\/v2\/users\/1"}],"replies":[{"embeddable":true,"href":"https:\/\/www.vandenssprendimai.lt\/en\/wp-json\/wp\/v2\/comments?post=1275"}],"version-history":[{"count":1,"href":"https:\/\/www.vandenssprendimai.lt\/en\/wp-json\/wp\/v2\/pages\/1275\/revisions"}],"predecessor-version":[{"id":1276,"href":"https:\/\/www.vandenssprendimai.lt\/en\/wp-json\/wp\/v2\/pages\/1275\/revisions\/1276"}],"wp:attachment":[{"href":"https:\/\/www.vandenssprendimai.lt\/en\/wp-json\/wp\/v2\/media?parent=1275"}],"curies":[{"name":"wp","href":"https:\/\/api.w.org\/{rel}","templated":true}]}}