{"id":1279,"date":"2016-02-11T10:54:07","date_gmt":"2016-02-11T12:54:07","guid":{"rendered":"http:\/\/www.vandenssprendimai.lt\/en\/?page_id=1279"},"modified":"2016-02-11T10:54:07","modified_gmt":"2016-02-11T12:54:07","slug":"contacts","status":"publish","type":"page","link":"https:\/\/www.vandenssprendimai.lt\/en\/contacts\/","title":{"rendered":"Contacts"},"content":{"rendered":"<h3>UAB &#8220;VANDENS FILTRAVIMO SISTEMOS&#8221;<\/h3>\n<p><span class=\"address\">\u0160ilut\u0117s pl. 4, LT-91173, Klaip\u0117da<\/span><span class=\"phone\">+370 46 410191<\/span><span class=\"mobile\">+370 700 11777,+370 686 81192<\/span><span class=\"mail\"><a href=\"mailto: info@aquafilter.lt\">info@aquafilter.lt<\/a><\/span><\/p>\n<h3>UAB &#8220;VANDENS FILTRAVIMO SISTEMOS&#8221;<\/h3>\n<p><span class=\"address\">Z.Sierakausko 15A-23, LT-03105, Vilnius<\/span><span class=\"phone\">+370 5 2160106<\/span><span class=\"mobile\">+370 678 35777<\/span><span class=\"fax\">+370 5 2160226<\/span><span class=\"mail\"><a href=\"mailto:vilnius@aquafilter.lt\">vilnius@aquafilter.lt<\/a><\/span><\/p>\n<h3>UAB &#8220;FILTRAVIMO SISTEMOS&#8221;<\/h3>\n<p><span class=\"address\">Til\u017e\u0117s g. 26, LT-78228, \u0160iauliai<\/span><span class=\"phone\">+370 676 34719,<\/span><span class=\"mobile\">+370 670 27801<\/span><span class=\"fax\">+370 41 540778<\/span><span class=\"mail\"><a href=\"mailto:siauliai@aquafilter.lt\">siauliai@aquafilter.lt<\/a><\/span><\/p>\n","protected":false},"excerpt":{"rendered":"<p>UAB &#8220;VANDENS FILTRAVIMO SISTEMOS&#8221; \u0160ilut\u0117s pl. 4, LT-91173, Klaip\u0117da+370 46 410191+370 700 11777,+370 686 81192info@aquafilter.lt UAB &#8220;VANDENS FILTRAVIMO SISTEMOS&#8221; Z.Sierakausko 15A-23, LT-03105, Vilnius+370 5 2160106+370 678 35777+370 5 2160226vilnius@aquafilter.lt UAB &#8220;FILTRAVIMO SISTEMOS&#8221; Til\u017e\u0117s g. 26, LT-78228, \u0160iauliai+370 676 34719,+370 670 27801+370 41 540778siauliai@aquafilter.lt<\/p>\n","protected":false},"author":1,"featured_media":0,"parent":0,"menu_order":0,"comment_status":"closed","ping_status":"closed","template":"","meta":[],"aioseo_notices":[],"_links":{"self":[{"href":"https:\/\/www.vandenssprendimai.lt\/en\/wp-json\/wp\/v2\/pages\/1279"}],"collection":[{"href":"https:\/\/www.vandenssprendimai.lt\/en\/wp-json\/wp\/v2\/pages"}],"about":[{"href":"https:\/\/www.vandenssprendimai.lt\/en\/wp-json\/wp\/v2\/types\/page"}],"author":[{"embeddable":true,"href":"https:\/\/www.vandenssprendimai.lt\/en\/wp-json\/wp\/v2\/users\/1"}],"replies":[{"embeddable":true,"href":"https:\/\/www.vandenssprendimai.lt\/en\/wp-json\/wp\/v2\/comments?post=1279"}],"version-history":[{"count":1,"href":"https:\/\/www.vandenssprendimai.lt\/en\/wp-json\/wp\/v2\/pages\/1279\/revisions"}],"predecessor-version":[{"id":1280,"href":"https:\/\/www.vandenssprendimai.lt\/en\/wp-json\/wp\/v2\/pages\/1279\/revisions\/1280"}],"wp:attachment":[{"href":"https:\/\/www.vandenssprendimai.lt\/en\/wp-json\/wp\/v2\/media?parent=1279"}],"curies":[{"name":"wp","href":"https:\/\/api.w.org\/{rel}","templated":true}]}}