{"id":98,"date":"2016-01-27T06:43:30","date_gmt":"2016-01-27T08:43:30","guid":{"rendered":"http:\/\/www.vandenssprendimai.lt\/en\/product\/4-pakopu-atbulinio-osmoso-sistema\/"},"modified":"2016-03-01T11:35:56","modified_gmt":"2016-03-01T13:35:56","slug":"4-pakopu-atbulinio-osmoso-sistema","status":"publish","type":"product","link":"https:\/\/www.vandenssprendimai.lt\/en\/produktas\/4-pakopu-atbulinio-osmoso-sistema\/","title":{"rendered":"4 PAKOP\u0172 ATBULINIO OSMOSO SISTEMA"},"content":{"rendered":"<div class=\"product-info\">\n<div class=\"info-zone\">\n<div class=\"description\">\n<div class=\"tab\" data-tab=\"1\">\n<p><strong>Savyb\u0117s<\/strong><\/p>\n<ul>\n<li>Auk\u0161ta kokyb\u0117<\/li>\n<li>Konkurencinga kaina<\/li>\n<li>5 met\u0173 garantija<\/li>\n<li>4filtravimo pakopos<\/li>\n<li>Surinkta rankomis ir i\u0161bandyta gamykloje<\/li>\n<li>Puikus vandens skonis ir kvapas<\/li>\n<li>Lengva sumontuoti<\/li>\n<li>Prie sistemos prid\u0117tas modernus \u010diaupas ir montavimo aksesuarai<\/li>\n<li>Puikiai sulaiko ne\u0161varumus<\/li>\n<li>I\u0161gaunamas auk\u0161tos kokyb\u0117s vanduo<\/li>\n<li>Gamina skaidresn\u012f led\u0105<\/li>\n<li>Ne toks brangus kaip buteliuose pilstomas vanduo<\/li>\n<li>Pagaminta ES<\/li>\n<\/ul>\n<p><strong>Rekomendacijos vartotojui<\/strong><\/p>\n<ul>\n<li>Naudojimo vietoje sumontuotos sistemos gali filtravimo pagalba pa\u0161alinti blog\u0105 vandens kvap\u0105, skon\u012f, spalv\u0105, kurie nors ir yra nepavojingi sveikatai, ta\u010diau vis tiek \u012ftakoja vandens kokyb\u0119.<\/li>\n<li>\u0160i sistema pagerins geriamo ir verdamo vandens skon\u012f<\/li>\n<li>Idealiai tinka bet kokiam nam\u0173 \u016bkiui ir lengvai telpa \u012f bet koki\u0105 viet\u0105<\/li>\n<li>Kompakti\u0161kai telpa, po stalvir\u0161iu name ar bute<\/li>\n<li>Rekomenduojama \u0161eimoms<\/li>\n<\/ul>\n<\/div>\n<\/div>\n<\/div>\n<\/div>\n","protected":false},"excerpt":{"rendered":"<p><strong>AQUAFILTER si\u016blo RX44111XXX \u2013 <\/strong>4 pakop\u0173 atbulinio osmoso filtravimo sistem\u0105, montuojam\u0105 po kriaukle. \u0160i sistema suteikia nuolatin\u012f, \u0161vie\u017eio ir \u0161varaus geriamo vandens sraut\u0105.<\/p>\n<p>Sistemoje yra <strong>FCPS <\/strong>\u00a0kaset\u0117, kuris \u0161alina nuos\u0117das, tokias kaip sm\u0117lis, dumblas, r\u016bdys, kietosios dalel\u0117s. Taip pat sistemoje yra <strong>FCCBL<\/strong> abglies bloko kaset\u0117, kuri \u0161alina chlor\u0105, kai kuriuos pesticidus ir organinius junginius. Atbulinio osmoso membrana yra panaudojama po to, kai filtrai pa\u0161alina 96%-99% vis\u0173 ter\u0161la\u0173, \u012fskaitant bakterijas ir daugum\u0105 virus\u0173 (0,0001 \u03bcm ir didesni\u0173).<\/p>\n<p>Sistema taip pat turi <strong>AICRO<\/strong> filtro kaset\u0119, kuri pagerina vandens skon\u012f ir kvap\u0105. Sistemoje yra automatinis atjungimo vo\u017etuvas, eliminuojantis ter\u0161alus u\u017edaro \u012ftek\u0117jimo linij\u0105, kai bakas prisipildo.<\/p>\n","protected":false},"featured_media":1424,"comment_status":"open","ping_status":"closed","template":"","meta":[],"product_cat":[29,31],"product_tag":[133,84],"aioseo_notices":[],"_links":{"self":[{"href":"https:\/\/www.vandenssprendimai.lt\/en\/wp-json\/wp\/v2\/product\/98"}],"collection":[{"href":"https:\/\/www.vandenssprendimai.lt\/en\/wp-json\/wp\/v2\/product"}],"about":[{"href":"https:\/\/www.vandenssprendimai.lt\/en\/wp-json\/wp\/v2\/types\/product"}],"replies":[{"embeddable":true,"href":"https:\/\/www.vandenssprendimai.lt\/en\/wp-json\/wp\/v2\/comments?post=98"}],"wp:featuredmedia":[{"embeddable":true,"href":"https:\/\/www.vandenssprendimai.lt\/en\/wp-json\/wp\/v2\/media\/1424"}],"wp:attachment":[{"href":"https:\/\/www.vandenssprendimai.lt\/en\/wp-json\/wp\/v2\/media?parent=98"}],"wp:term":[{"taxonomy":"product_cat","embeddable":true,"href":"https:\/\/www.vandenssprendimai.lt\/en\/wp-json\/wp\/v2\/product_cat?post=98"},{"taxonomy":"product_tag","embeddable":true,"href":"https:\/\/www.vandenssprendimai.lt\/en\/wp-json\/wp\/v2\/product_tag?post=98"}],"curies":[{"name":"wp","href":"https:\/\/api.w.org\/{rel}","templated":true}]}}